{"id":70765,"date":"2024-11-16T22:22:01","date_gmt":"2024-11-16T21:22:01","guid":{"rendered":"https:\/\/abisto.pl\/index.php\/produkt\/zegarek-zeppelin-mediterranee-96365-quartz\/"},"modified":"2024-11-16T22:22:02","modified_gmt":"2024-11-16T21:22:02","slug":"zegarek-zeppelin-mediterranee-96365-quartz","status":"publish","type":"product","link":"https:\/\/abisto.pl\/index.php\/produkt\/zegarek-zeppelin-mediterranee-96365-quartz\/","title":{"rendered":"Zegarek Zeppelin Mediterranee 96365 quartz"},"content":{"rendered":"<p><!DOCTYPE HTML PUBLIC \"-\/\/W3C\/\/DTD HTML 4.0 Transitional\/\/EN\"><!DOCTYPE html PUBLIC \"-\/\/W3C\/\/DTD HTML 4.0 Transitional\/\/EN\" \"\"><HTML><HEAD> <META http-equiv=\"Content-Type\" content=\"text\/html; charset=windows-1250\"> <META name=\"GENERATOR\" content=\"MSHTML 11.00.10570.1001\"><\/HEAD> <BODY>Ronda 706.1, tarcza be\u017cowa, rozszerzony datownik, fazy ksi\u0119\u017cyca, szk\u0142o mineralne K1, \u015brednica 42 mm, wysoko\u015b\u0107 12 mm, kopera stalowa, dekiel stalowy, pasek sk\u00f3rzany, WR 5 ATM  <\/BODY><\/HTML><\/p>\n","protected":false},"excerpt":{"rendered":"<p>Ronda 706.1, tarcza be\u017cowa, rozszerzony datownik, fazy ksi\u0119\u017cyca, szk\u0142o mineralne K1, \u015brednica 42 mm, wysoko\u015b\u0107 12 mm, kopera stalowa, dekiel stalowy, pasek sk\u00f3rzany, WR 5 ATM<\/p>\n","protected":false},"featured_media":70766,"comment_status":"closed","ping_status":"open","template":"","meta":{"_kadence_starter_templates_imported_post":false,"_kad_post_transparent":"","_kad_post_title":"","_kad_post_layout":"","_kad_post_sidebar_id":"","_kad_post_content_style":"","_kad_post_vertical_padding":"","_kad_post_feature":"","_kad_post_feature_position":"","_kad_post_header":false,"_kad_post_footer":false},"product_brand":[],"product_cat":[2752],"product_tag":[],"class_list":{"0":"post-70765","1":"product","2":"type-product","3":"status-publish","4":"has-post-thumbnail","6":"product_cat-zegarki-i-paskizegarki","8":"first","9":"outofstock","10":"purchasable","11":"product-type-simple","12":"entry","13":"content-bg","14":"loop-entry"},"jetpack_sharing_enabled":true,"_links":{"self":[{"href":"https:\/\/abisto.pl\/index.php\/wp-json\/wp\/v2\/product\/70765","targetHints":{"allow":["GET"]}}],"collection":[{"href":"https:\/\/abisto.pl\/index.php\/wp-json\/wp\/v2\/product"}],"about":[{"href":"https:\/\/abisto.pl\/index.php\/wp-json\/wp\/v2\/types\/product"}],"replies":[{"embeddable":true,"href":"https:\/\/abisto.pl\/index.php\/wp-json\/wp\/v2\/comments?post=70765"}],"wp:featuredmedia":[{"embeddable":true,"href":"https:\/\/abisto.pl\/index.php\/wp-json\/wp\/v2\/media\/70766"}],"wp:attachment":[{"href":"https:\/\/abisto.pl\/index.php\/wp-json\/wp\/v2\/media?parent=70765"}],"wp:term":[{"taxonomy":"product_brand","embeddable":true,"href":"https:\/\/abisto.pl\/index.php\/wp-json\/wp\/v2\/product_brand?post=70765"},{"taxonomy":"product_cat","embeddable":true,"href":"https:\/\/abisto.pl\/index.php\/wp-json\/wp\/v2\/product_cat?post=70765"},{"taxonomy":"product_tag","embeddable":true,"href":"https:\/\/abisto.pl\/index.php\/wp-json\/wp\/v2\/product_tag?post=70765"}],"curies":[{"name":"wp","href":"https:\/\/api.w.org\/{rel}","templated":true}]}}