{"id":70741,"date":"2024-11-16T22:21:56","date_gmt":"2024-11-16T21:21:56","guid":{"rendered":"https:\/\/abisto.pl\/index.php\/produkt\/zegarek-zeppelin-luna-86314-quarz\/"},"modified":"2024-11-16T22:21:59","modified_gmt":"2024-11-16T21:21:59","slug":"zegarek-zeppelin-luna-86314-quarz","status":"publish","type":"product","link":"https:\/\/abisto.pl\/index.php\/produkt\/zegarek-zeppelin-luna-86314-quarz\/","title":{"rendered":"Zegarek Zeppelin Luna 86314, quarz"},"content":{"rendered":"<p><!DOCTYPE HTML PUBLIC \"-\/\/W3C\/\/DTD HTML 4.0 Transitional\/\/EN\"><!DOCTYPE html PUBLIC \"-\/\/W3C\/\/DTD HTML 4.0 Transitional\/\/EN\" \"\"><HTML><HEAD> <META http-equiv=\"Content-Type\" content=\"text\/html; charset=windows-1250\"> <META name=\"GENERATOR\" content=\"MSHTML 11.00.10570.1001\"><\/HEAD> <BODY>Ronda 6004,D, tarcza bia\u0142a gliszowana, koperta stalowa 36 mm, wysoko\u015b\u0107 8 mm, szk\u0142o mineralne K1, dekiel stalowy, pasek sk\u00f3rzany, WR 5 ATM<\/BODY><\/HTML><\/p>\n","protected":false},"excerpt":{"rendered":"<p>Ronda 6004,D, tarcza bia\u0142a gliszowana, koperta stalowa 36 mm, wysoko\u015b\u0107 8 mm, szk\u0142o mineralne K1, dekiel stalowy, pasek sk\u00f3rzany, WR 5 ATM<\/p>\n","protected":false},"featured_media":70742,"comment_status":"closed","ping_status":"open","template":"","meta":{"_kadence_starter_templates_imported_post":false,"_kad_post_transparent":"","_kad_post_title":"","_kad_post_layout":"","_kad_post_sidebar_id":"","_kad_post_content_style":"","_kad_post_vertical_padding":"","_kad_post_feature":"","_kad_post_feature_position":"","_kad_post_header":false,"_kad_post_footer":false},"product_brand":[],"product_cat":[2752],"product_tag":[],"class_list":{"0":"post-70741","1":"product","2":"type-product","3":"status-publish","4":"has-post-thumbnail","6":"product_cat-zegarki-i-paskizegarki","8":"first","9":"outofstock","10":"purchasable","11":"product-type-simple","12":"entry","13":"content-bg","14":"loop-entry"},"jetpack_sharing_enabled":true,"_links":{"self":[{"href":"https:\/\/abisto.pl\/index.php\/wp-json\/wp\/v2\/product\/70741","targetHints":{"allow":["GET"]}}],"collection":[{"href":"https:\/\/abisto.pl\/index.php\/wp-json\/wp\/v2\/product"}],"about":[{"href":"https:\/\/abisto.pl\/index.php\/wp-json\/wp\/v2\/types\/product"}],"replies":[{"embeddable":true,"href":"https:\/\/abisto.pl\/index.php\/wp-json\/wp\/v2\/comments?post=70741"}],"wp:featuredmedia":[{"embeddable":true,"href":"https:\/\/abisto.pl\/index.php\/wp-json\/wp\/v2\/media\/70742"}],"wp:attachment":[{"href":"https:\/\/abisto.pl\/index.php\/wp-json\/wp\/v2\/media?parent=70741"}],"wp:term":[{"taxonomy":"product_brand","embeddable":true,"href":"https:\/\/abisto.pl\/index.php\/wp-json\/wp\/v2\/product_brand?post=70741"},{"taxonomy":"product_cat","embeddable":true,"href":"https:\/\/abisto.pl\/index.php\/wp-json\/wp\/v2\/product_cat?post=70741"},{"taxonomy":"product_tag","embeddable":true,"href":"https:\/\/abisto.pl\/index.php\/wp-json\/wp\/v2\/product_tag?post=70741"}],"curies":[{"name":"wp","href":"https:\/\/api.w.org\/{rel}","templated":true}]}}