{"id":70663,"date":"2024-11-16T22:21:45","date_gmt":"2024-11-16T21:21:45","guid":{"rendered":"https:\/\/abisto.pl\/index.php\/produkt\/zegarek-zeppelin-hindenburg-solar-80865_n-wyp\/"},"modified":"2024-11-16T22:21:48","modified_gmt":"2024-11-16T21:21:48","slug":"zegarek-zeppelin-hindenburg-solar-80865_n-wyp","status":"publish","type":"product","link":"https:\/\/abisto.pl\/index.php\/produkt\/zegarek-zeppelin-hindenburg-solar-80865_n-wyp\/","title":{"rendered":"Zegarek Zeppelin Hindenburg Solar 80865_n WYP"},"content":{"rendered":"<p><!DOCTYPE HTML PUBLIC \"-\/\/W3C\/\/DTD HTML 4.0 Transitional\/\/EN\"><!DOCTYPE html PUBLIC \"-\/\/W3C\/\/DTD HTML 4.0 Transitional\/\/EN\" \"\"><HTML><HEAD> <META http-equiv=\"Content-Type\" content=\"text\/html; charset=windows-1250\"> <META name=\"GENERATOR\" content=\"MSHTML 11.00.10570.1001\"><\/HEAD> <BODY>Seiko VR42, tarcza be\u017cowa, bioceramiczna, \u015brednica 41 mm, szk\u0142o mineralne K1, koperta stalowa, dekiel stalowy, chronograf, WR 5 ATM, pasek wega\u0144ski<\/BODY><\/HTML><\/p>\n","protected":false},"excerpt":{"rendered":"<p>Seiko VR42, tarcza be\u017cowa, bioceramiczna, \u015brednica 41 mm, szk\u0142o mineralne K1, koperta stalowa, dekiel stalowy, chronograf, WR 5 ATM, pasek wega\u0144ski<\/p>\n","protected":false},"featured_media":70664,"comment_status":"closed","ping_status":"open","template":"","meta":{"_kadence_starter_templates_imported_post":false,"_kad_post_transparent":"","_kad_post_title":"","_kad_post_layout":"","_kad_post_sidebar_id":"","_kad_post_content_style":"","_kad_post_vertical_padding":"","_kad_post_feature":"","_kad_post_feature_position":"","_kad_post_header":false,"_kad_post_footer":false},"product_brand":[],"product_cat":[2752],"product_tag":[],"class_list":{"0":"post-70663","1":"product","2":"type-product","3":"status-publish","4":"has-post-thumbnail","6":"product_cat-zegarki-i-paskizegarki","8":"first","9":"outofstock","10":"purchasable","11":"product-type-simple","12":"entry","13":"content-bg","14":"loop-entry"},"jetpack_sharing_enabled":true,"_links":{"self":[{"href":"https:\/\/abisto.pl\/index.php\/wp-json\/wp\/v2\/product\/70663","targetHints":{"allow":["GET"]}}],"collection":[{"href":"https:\/\/abisto.pl\/index.php\/wp-json\/wp\/v2\/product"}],"about":[{"href":"https:\/\/abisto.pl\/index.php\/wp-json\/wp\/v2\/types\/product"}],"replies":[{"embeddable":true,"href":"https:\/\/abisto.pl\/index.php\/wp-json\/wp\/v2\/comments?post=70663"}],"wp:featuredmedia":[{"embeddable":true,"href":"https:\/\/abisto.pl\/index.php\/wp-json\/wp\/v2\/media\/70664"}],"wp:attachment":[{"href":"https:\/\/abisto.pl\/index.php\/wp-json\/wp\/v2\/media?parent=70663"}],"wp:term":[{"taxonomy":"product_brand","embeddable":true,"href":"https:\/\/abisto.pl\/index.php\/wp-json\/wp\/v2\/product_brand?post=70663"},{"taxonomy":"product_cat","embeddable":true,"href":"https:\/\/abisto.pl\/index.php\/wp-json\/wp\/v2\/product_cat?post=70663"},{"taxonomy":"product_tag","embeddable":true,"href":"https:\/\/abisto.pl\/index.php\/wp-json\/wp\/v2\/product_tag?post=70663"}],"curies":[{"name":"wp","href":"https:\/\/api.w.org\/{rel}","templated":true}]}}