{"id":70571,"date":"2024-11-16T22:21:35","date_gmt":"2024-11-16T21:21:35","guid":{"rendered":"https:\/\/abisto.pl\/index.php\/produkt\/zegarek-zeppelin-lz127-8668-2-automatik\/"},"modified":"2024-11-16T22:21:37","modified_gmt":"2024-11-16T21:21:37","slug":"zegarek-zeppelin-lz127-8668-2-automatik","status":"publish","type":"product","link":"https:\/\/abisto.pl\/index.php\/produkt\/zegarek-zeppelin-lz127-8668-2-automatik\/","title":{"rendered":"Zegarek Zeppelin LZ127 8668-2 Automatik"},"content":{"rendered":"<p><!DOCTYPE HTML PUBLIC \"-\/\/W3C\/\/DTD HTML 4.0 Transitional\/\/EN\"><HTML><HEAD><META http-equiv=\"Content-Type\" content=\"text\/html; charset=windows-1250\"><META name=\"GENERATOR\" content=\"MSHTML 11.00.10570.1001\"><\/HEAD><BODY>Miyota 8217, szk\u0142o mineralne, dekiel ze szk\u0142em mineralnym, koperta ze stali nierdzewnej, tarcza czarna, wskaz\u00f3wki srebrno-be\u017cowe, pasek sk\u00f3rzany br\u0105zowy, \u015brednica 40 mm, wysoko\u015b\u0107 12 mm, masa ok 70 g, WR 5 ATM<\/BODY><\/HTML><\/p>\n","protected":false},"excerpt":{"rendered":"<p>Miyota 8217, szk\u0142o mineralne, dekiel ze szk\u0142em mineralnym, koperta ze stali nierdzewnej, tarcza czarna, wskaz\u00f3wki srebrno-be\u017cowe, pasek sk\u00f3rzany br\u0105zowy, \u015brednica 40 mm, wysoko\u015b\u0107 12 mm, masa ok 70 g, WR 5 ATM<\/p>\n","protected":false},"featured_media":70572,"comment_status":"closed","ping_status":"open","template":"","meta":{"_kadence_starter_templates_imported_post":false,"_kad_post_transparent":"","_kad_post_title":"","_kad_post_layout":"","_kad_post_sidebar_id":"","_kad_post_content_style":"","_kad_post_vertical_padding":"","_kad_post_feature":"","_kad_post_feature_position":"","_kad_post_header":false,"_kad_post_footer":false},"product_brand":[],"product_cat":[2752],"product_tag":[],"class_list":{"0":"post-70571","1":"product","2":"type-product","3":"status-publish","4":"has-post-thumbnail","6":"product_cat-zegarki-i-paskizegarki","8":"first","9":"outofstock","10":"purchasable","11":"product-type-simple","12":"entry","13":"content-bg","14":"loop-entry"},"jetpack_sharing_enabled":true,"_links":{"self":[{"href":"https:\/\/abisto.pl\/index.php\/wp-json\/wp\/v2\/product\/70571","targetHints":{"allow":["GET"]}}],"collection":[{"href":"https:\/\/abisto.pl\/index.php\/wp-json\/wp\/v2\/product"}],"about":[{"href":"https:\/\/abisto.pl\/index.php\/wp-json\/wp\/v2\/types\/product"}],"replies":[{"embeddable":true,"href":"https:\/\/abisto.pl\/index.php\/wp-json\/wp\/v2\/comments?post=70571"}],"wp:featuredmedia":[{"embeddable":true,"href":"https:\/\/abisto.pl\/index.php\/wp-json\/wp\/v2\/media\/70572"}],"wp:attachment":[{"href":"https:\/\/abisto.pl\/index.php\/wp-json\/wp\/v2\/media?parent=70571"}],"wp:term":[{"taxonomy":"product_brand","embeddable":true,"href":"https:\/\/abisto.pl\/index.php\/wp-json\/wp\/v2\/product_brand?post=70571"},{"taxonomy":"product_cat","embeddable":true,"href":"https:\/\/abisto.pl\/index.php\/wp-json\/wp\/v2\/product_cat?post=70571"},{"taxonomy":"product_tag","embeddable":true,"href":"https:\/\/abisto.pl\/index.php\/wp-json\/wp\/v2\/product_tag?post=70571"}],"curies":[{"name":"wp","href":"https:\/\/api.w.org\/{rel}","templated":true}]}}